{"id":49192,"date":"2026-02-24T16:31:56","date_gmt":"2026-02-24T16:31:56","guid":{"rendered":"https:\/\/bioresearchecuadorsa.com\/agroquimicos\/?page_id=49192"},"modified":"2026-03-05T14:41:47","modified_gmt":"2026-03-05T14:41:47","slug":"desinfectantes","status":"publish","type":"page","link":"https:\/\/bioresearchecuadorsa.com\/agroquimicos\/desinfectantes\/","title":{"rendered":"DESINFECTANTES"},"content":{"rendered":"\t\t<div data-elementor-type=\"wp-page\" data-elementor-id=\"49192\" class=\"elementor elementor-49192\">\n\t\t\t\t<div class=\"elementor-element elementor-element-69236a8 e-flex e-con-boxed e-con e-parent\" data-id=\"69236a8\" data-element_type=\"container\" data-e-type=\"container\">\n\t\t\t\t\t<div class=\"e-con-inner\">\n\t\t\t\t\t<\/div>\n\t\t\t\t<\/div>\n\t\t<div class=\"elementor-element elementor-element-7154e3a e-flex e-con-boxed e-con e-parent\" data-id=\"7154e3a\" data-element_type=\"container\" data-e-type=\"container\">\n\t\t\t\t\t<div class=\"e-con-inner\">\n\t\t\t\t<div class=\"elementor-element elementor-element-5d61653 elementor-widget elementor-widget-spacer\" data-id=\"5d61653\" data-element_type=\"widget\" data-e-type=\"widget\" data-widget_type=\"spacer.default\">\n\t\t\t\t<div class=\"elementor-widget-container\">\n\t\t\t\t\t\t\t<div class=\"elementor-spacer\">\n\t\t\t<div class=\"elementor-spacer-inner\"><\/div>\n\t\t<\/div>\n\t\t\t\t\t\t<\/div>\n\t\t\t\t<\/div>\n\t\t\t\t<div class=\"elementor-element elementor-element-98df3c7 elementor-widget elementor-widget-heading\" data-id=\"98df3c7\" data-element_type=\"widget\" data-e-type=\"widget\" data-widget_type=\"heading.default\">\n\t\t\t\t<div class=\"elementor-widget-container\">\n\t\t\t\t\t<h3 class=\"elementor-heading-title elementor-size-default\">DESINFECTANTES<\/h3>\t\t\t\t<\/div>\n\t\t\t\t<\/div>\n\t\t\t\t\t<\/div>\n\t\t\t\t<\/div>\n\t\t<div class=\"elementor-element elementor-element-1842034 e-flex e-con-boxed e-con e-parent\" data-id=\"1842034\" data-element_type=\"container\" data-e-type=\"container\">\n\t\t\t\t\t<div class=\"e-con-inner\">\n\t\t<div class=\"elementor-element elementor-element-febb5e6 e-con-full e-flex e-con e-child\" data-id=\"febb5e6\" data-element_type=\"container\" data-e-type=\"container\">\n\t\t\t\t<div class=\"elementor-element elementor-element-564ac2d elementor-widget elementor-widget-heading\" data-id=\"564ac2d\" data-element_type=\"widget\" data-e-type=\"widget\" data-widget_type=\"heading.default\">\n\t\t\t\t<div class=\"elementor-widget-container\">\n\t\t\t\t\t<h5 class=\"elementor-heading-title elementor-size-default\">ALCOHOL ET\u00cdLICO<\/h5>\t\t\t\t<\/div>\n\t\t\t\t<\/div>\n\t\t\t\t<div class=\"elementor-element elementor-element-568f1a1 e-transform elementor-widget elementor-widget-image\" data-id=\"568f1a1\" data-element_type=\"widget\" data-e-type=\"widget\" data-settings=\"{&quot;_transform_scale_effect&quot;:{&quot;unit&quot;:&quot;px&quot;,&quot;size&quot;:&quot;&quot;,&quot;sizes&quot;:[]},&quot;_transform_scale_effect_tablet&quot;:{&quot;unit&quot;:&quot;px&quot;,&quot;size&quot;:&quot;&quot;,&quot;sizes&quot;:[]},&quot;_transform_scale_effect_mobile&quot;:{&quot;unit&quot;:&quot;px&quot;,&quot;size&quot;:&quot;&quot;,&quot;sizes&quot;:[]}}\" data-widget_type=\"image.default\">\n\t\t\t\t<div class=\"elementor-widget-container\">\n\t\t\t\t\t\t\t\t\t\t\t\t\t\t\t<img fetchpriority=\"high\" decoding=\"async\" width=\"1184\" height=\"864\" src=\"https:\/\/bioresearchecuadorsa.com\/agroquimicos\/wp-content\/uploads\/2026\/03\/ALCOHOL.png\" class=\"attachment-2048x2048 size-2048x2048 wp-image-49792\" alt=\"alcohol\" srcset=\"https:\/\/bioresearchecuadorsa.com\/agroquimicos\/wp-content\/uploads\/2026\/03\/ALCOHOL.png 1184w, https:\/\/bioresearchecuadorsa.com\/agroquimicos\/wp-content\/uploads\/2026\/03\/ALCOHOL-300x219.png 300w, https:\/\/bioresearchecuadorsa.com\/agroquimicos\/wp-content\/uploads\/2026\/03\/ALCOHOL-1024x747.png 1024w, https:\/\/bioresearchecuadorsa.com\/agroquimicos\/wp-content\/uploads\/2026\/03\/ALCOHOL-768x560.png 768w\" sizes=\"(max-width: 1184px) 100vw, 1184px\" title=\"DESINFECTANTES\">\t\t\t\t\t\t\t\t\t\t\t\t\t\t\t<\/div>\n\t\t\t\t<\/div>\n\t\t\t\t<div class=\"elementor-element elementor-element-8273ffe elementor-align-center elementor-widget elementor-widget-button\" data-id=\"8273ffe\" data-element_type=\"widget\" data-e-type=\"widget\" data-widget_type=\"button.default\">\n\t\t\t\t<div class=\"elementor-widget-container\">\n\t\t\t\t\t\t\t\t\t<div class=\"elementor-button-wrapper\">\n\t\t\t\t\t<a class=\"elementor-button elementor-button-link elementor-size-sm\" href=\"https:\/\/bioresearchecuadorsa.com\/agroquimicos\/wp-content\/uploads\/2026\/02\/ALCOHOL-ETILICO-96.pdf\" target=\"_blank\">\n\t\t\t\t\t\t<span class=\"elementor-button-content-wrapper\">\n\t\t\t\t\t\t<span class=\"elementor-button-icon\">\n\t\t\t\t<svg aria-hidden=\"true\" class=\"e-font-icon-svg e-far-eye\" viewBox=\"0 0 576 512\" xmlns=\"http:\/\/www.w3.org\/2000\/svg\"><path d=\"M288 144a110.94 110.94 0 0 0-31.24 5 55.4 55.4 0 0 1 7.24 27 56 56 0 0 1-56 56 55.4 55.4 0 0 1-27-7.24A111.71 111.71 0 1 0 288 144zm284.52 97.4C518.29 135.59 410.93 64 288 64S57.68 135.64 3.48 241.41a32.35 32.35 0 0 0 0 29.19C57.71 376.41 165.07 448 288 448s230.32-71.64 284.52-177.41a32.35 32.35 0 0 0 0-29.19zM288 400c-98.65 0-189.09-55-237.93-144C98.91 167 189.34 112 288 112s189.09 55 237.93 144C477.1 345 386.66 400 288 400z\"><\/path><\/svg>\t\t\t<\/span>\n\t\t\t\t\t\t\t\t\t<span class=\"elementor-button-text\">FICHA T\u00c9CNICA<\/span>\n\t\t\t\t\t<\/span>\n\t\t\t\t\t<\/a>\n\t\t\t\t<\/div>\n\t\t\t\t\t\t\t\t<\/div>\n\t\t\t\t<\/div>\n\t\t\t\t<\/div>\n\t\t<div class=\"elementor-element elementor-element-3b0af8d e-con-full e-flex e-con e-child\" data-id=\"3b0af8d\" data-element_type=\"container\" data-e-type=\"container\">\n\t\t\t\t<div class=\"elementor-element elementor-element-6139c79 elementor-widget elementor-widget-heading\" data-id=\"6139c79\" data-element_type=\"widget\" data-e-type=\"widget\" data-widget_type=\"heading.default\">\n\t\t\t\t<div class=\"elementor-widget-container\">\n\t\t\t\t\t<h5 class=\"elementor-heading-title elementor-size-default\">AMONOL 5<\/h5>\t\t\t\t<\/div>\n\t\t\t\t<\/div>\n\t\t\t\t<div class=\"elementor-element elementor-element-7427152 elementor-widget elementor-widget-image\" data-id=\"7427152\" data-element_type=\"widget\" data-e-type=\"widget\" data-widget_type=\"image.default\">\n\t\t\t\t<div class=\"elementor-widget-container\">\n\t\t\t\t\t\t\t\t\t\t\t\t\t\t\t<img decoding=\"async\" width=\"1184\" height=\"864\" src=\"https:\/\/bioresearchecuadorsa.com\/agroquimicos\/wp-content\/uploads\/2026\/03\/AMONOL.png\" class=\"attachment-2048x2048 size-2048x2048 wp-image-49747\" alt=\"amonol\" srcset=\"https:\/\/bioresearchecuadorsa.com\/agroquimicos\/wp-content\/uploads\/2026\/03\/AMONOL.png 1184w, https:\/\/bioresearchecuadorsa.com\/agroquimicos\/wp-content\/uploads\/2026\/03\/AMONOL-300x219.png 300w, https:\/\/bioresearchecuadorsa.com\/agroquimicos\/wp-content\/uploads\/2026\/03\/AMONOL-1024x747.png 1024w, https:\/\/bioresearchecuadorsa.com\/agroquimicos\/wp-content\/uploads\/2026\/03\/AMONOL-768x560.png 768w\" sizes=\"(max-width: 1184px) 100vw, 1184px\" title=\"DESINFECTANTES\">\t\t\t\t\t\t\t\t\t\t\t\t\t\t\t<\/div>\n\t\t\t\t<\/div>\n\t\t\t\t<div class=\"elementor-element elementor-element-16e68a4 elementor-align-center elementor-widget elementor-widget-button\" data-id=\"16e68a4\" data-element_type=\"widget\" data-e-type=\"widget\" data-widget_type=\"button.default\">\n\t\t\t\t<div class=\"elementor-widget-container\">\n\t\t\t\t\t\t\t\t\t<div class=\"elementor-button-wrapper\">\n\t\t\t\t\t<a class=\"elementor-button elementor-button-link elementor-size-sm\" href=\"https:\/\/bioresearchecuadorsa.com\/agroquimicos\/wp-content\/uploads\/2026\/02\/AMONOL-5.pdf\" target=\"_blank\">\n\t\t\t\t\t\t<span class=\"elementor-button-content-wrapper\">\n\t\t\t\t\t\t<span class=\"elementor-button-icon\">\n\t\t\t\t<svg aria-hidden=\"true\" class=\"e-font-icon-svg e-far-eye\" viewBox=\"0 0 576 512\" xmlns=\"http:\/\/www.w3.org\/2000\/svg\"><path d=\"M288 144a110.94 110.94 0 0 0-31.24 5 55.4 55.4 0 0 1 7.24 27 56 56 0 0 1-56 56 55.4 55.4 0 0 1-27-7.24A111.71 111.71 0 1 0 288 144zm284.52 97.4C518.29 135.59 410.93 64 288 64S57.68 135.64 3.48 241.41a32.35 32.35 0 0 0 0 29.19C57.71 376.41 165.07 448 288 448s230.32-71.64 284.52-177.41a32.35 32.35 0 0 0 0-29.19zM288 400c-98.65 0-189.09-55-237.93-144C98.91 167 189.34 112 288 112s189.09 55 237.93 144C477.1 345 386.66 400 288 400z\"><\/path><\/svg>\t\t\t<\/span>\n\t\t\t\t\t\t\t\t\t<span class=\"elementor-button-text\">FICHA T\u00c9CNICA<\/span>\n\t\t\t\t\t<\/span>\n\t\t\t\t\t<\/a>\n\t\t\t\t<\/div>\n\t\t\t\t\t\t\t\t<\/div>\n\t\t\t\t<\/div>\n\t\t\t\t<\/div>\n\t\t<div class=\"elementor-element elementor-element-d00119d e-con-full e-flex e-con e-child\" data-id=\"d00119d\" data-element_type=\"container\" data-e-type=\"container\">\n\t\t\t\t<div class=\"elementor-element elementor-element-d9044f7 elementor-widget elementor-widget-heading\" data-id=\"d9044f7\" data-element_type=\"widget\" data-e-type=\"widget\" data-widget_type=\"heading.default\">\n\t\t\t\t<div class=\"elementor-widget-container\">\n\t\t\t\t\t<h5 class=\"elementor-heading-title elementor-size-default\">DICLOXOL<\/h5>\t\t\t\t<\/div>\n\t\t\t\t<\/div>\n\t\t\t\t<div class=\"elementor-element elementor-element-2735cf6 elementor-widget elementor-widget-image\" data-id=\"2735cf6\" data-element_type=\"widget\" data-e-type=\"widget\" data-widget_type=\"image.default\">\n\t\t\t\t<div class=\"elementor-widget-container\">\n\t\t\t\t\t\t\t\t\t\t\t\t\t\t\t<img decoding=\"async\" width=\"1184\" height=\"864\" src=\"https:\/\/bioresearchecuadorsa.com\/agroquimicos\/wp-content\/uploads\/2026\/03\/DICLOXOL.png\" class=\"attachment-2048x2048 size-2048x2048 wp-image-49755\" alt=\"dicloxol\" srcset=\"https:\/\/bioresearchecuadorsa.com\/agroquimicos\/wp-content\/uploads\/2026\/03\/DICLOXOL.png 1184w, https:\/\/bioresearchecuadorsa.com\/agroquimicos\/wp-content\/uploads\/2026\/03\/DICLOXOL-300x219.png 300w, https:\/\/bioresearchecuadorsa.com\/agroquimicos\/wp-content\/uploads\/2026\/03\/DICLOXOL-1024x747.png 1024w, https:\/\/bioresearchecuadorsa.com\/agroquimicos\/wp-content\/uploads\/2026\/03\/DICLOXOL-768x560.png 768w\" sizes=\"(max-width: 1184px) 100vw, 1184px\" title=\"DESINFECTANTES\">\t\t\t\t\t\t\t\t\t\t\t\t\t\t\t<\/div>\n\t\t\t\t<\/div>\n\t\t\t\t<div class=\"elementor-element elementor-element-82f6982 elementor-align-center elementor-widget elementor-widget-button\" data-id=\"82f6982\" data-element_type=\"widget\" data-e-type=\"widget\" data-widget_type=\"button.default\">\n\t\t\t\t<div class=\"elementor-widget-container\">\n\t\t\t\t\t\t\t\t\t<div class=\"elementor-button-wrapper\">\n\t\t\t\t\t<a class=\"elementor-button elementor-button-link elementor-size-sm\" href=\"https:\/\/bioresearchecuadorsa.com\/agroquimicos\/wp-content\/uploads\/2026\/02\/DICLOXOL.pdf\" target=\"_blank\">\n\t\t\t\t\t\t<span class=\"elementor-button-content-wrapper\">\n\t\t\t\t\t\t<span class=\"elementor-button-icon\">\n\t\t\t\t<svg aria-hidden=\"true\" class=\"e-font-icon-svg e-far-eye\" viewBox=\"0 0 576 512\" xmlns=\"http:\/\/www.w3.org\/2000\/svg\"><path d=\"M288 144a110.94 110.94 0 0 0-31.24 5 55.4 55.4 0 0 1 7.24 27 56 56 0 0 1-56 56 55.4 55.4 0 0 1-27-7.24A111.71 111.71 0 1 0 288 144zm284.52 97.4C518.29 135.59 410.93 64 288 64S57.68 135.64 3.48 241.41a32.35 32.35 0 0 0 0 29.19C57.71 376.41 165.07 448 288 448s230.32-71.64 284.52-177.41a32.35 32.35 0 0 0 0-29.19zM288 400c-98.65 0-189.09-55-237.93-144C98.91 167 189.34 112 288 112s189.09 55 237.93 144C477.1 345 386.66 400 288 400z\"><\/path><\/svg>\t\t\t<\/span>\n\t\t\t\t\t\t\t\t\t<span class=\"elementor-button-text\">FICHA T\u00c9CNICA<\/span>\n\t\t\t\t\t<\/span>\n\t\t\t\t\t<\/a>\n\t\t\t\t<\/div>\n\t\t\t\t\t\t\t\t<\/div>\n\t\t\t\t<\/div>\n\t\t\t\t<\/div>\n\t\t\t\t\t<\/div>\n\t\t\t\t<\/div>\n\t\t<div class=\"elementor-element elementor-element-4f69346 e-flex e-con-boxed e-con e-parent\" data-id=\"4f69346\" data-element_type=\"container\" data-e-type=\"container\">\n\t\t\t\t\t<div class=\"e-con-inner\">\n\t\t\t\t<div class=\"elementor-element elementor-element-252b486 elementor-widget elementor-widget-spacer\" data-id=\"252b486\" data-element_type=\"widget\" data-e-type=\"widget\" data-widget_type=\"spacer.default\">\n\t\t\t\t<div class=\"elementor-widget-container\">\n\t\t\t\t\t\t\t<div class=\"elementor-spacer\">\n\t\t\t<div class=\"elementor-spacer-inner\"><\/div>\n\t\t<\/div>\n\t\t\t\t\t\t<\/div>\n\t\t\t\t<\/div>\n\t\t\t\t\t<\/div>\n\t\t\t\t<\/div>\n\t\t\t\t<\/div>\n\t\t","protected":false},"excerpt":{"rendered":"<p>DESINFECTANTES ALCOHOL ET\u00cdLICO FICHA T\u00c9CNICA AMONOL 5 FICHA T\u00c9CNICA DICLOXOL FICHA T\u00c9CNICA<\/p>\n","protected":false},"author":1,"featured_media":0,"parent":0,"menu_order":0,"comment_status":"closed","ping_status":"closed","template":"","meta":{"site-sidebar-layout":"default","site-content-layout":"","ast-site-content-layout":"default","site-content-style":"default","site-sidebar-style":"default","ast-global-header-display":"","ast-banner-title-visibility":"","ast-main-header-display":"","ast-hfb-above-header-display":"","ast-hfb-below-header-display":"","ast-hfb-mobile-header-display":"","site-post-title":"disabled","ast-breadcrumbs-content":"","ast-featured-img":"","footer-sml-layout":"","ast-disable-related-posts":"","theme-transparent-header-meta":"","adv-header-id-meta":"","stick-header-meta":"","header-above-stick-meta":"","header-main-stick-meta":"","header-below-stick-meta":"","astra-migrate-meta-layouts":"default","ast-page-background-enabled":"default","ast-page-background-meta":{"desktop":{"background-color":"var(--ast-global-color-4)","background-image":"","background-repeat":"repeat","background-position":"center center","background-size":"auto","background-attachment":"scroll","background-type":"","background-media":"","overlay-type":"","overlay-color":"","overlay-opacity":"","overlay-gradient":""},"tablet":{"background-color":"","background-image":"","background-repeat":"repeat","background-position":"center center","background-size":"auto","background-attachment":"scroll","background-type":"","background-media":"","overlay-type":"","overlay-color":"","overlay-opacity":"","overlay-gradient":""},"mobile":{"background-color":"","background-image":"","background-repeat":"repeat","background-position":"center center","background-size":"auto","background-attachment":"scroll","background-type":"","background-media":"","overlay-type":"","overlay-color":"","overlay-opacity":"","overlay-gradient":""}},"ast-content-background-meta":{"desktop":{"background-color":"var(--ast-global-color-5)","background-image":"","background-repeat":"repeat","background-position":"center center","background-size":"auto","background-attachment":"scroll","background-type":"","background-media":"","overlay-type":"","overlay-color":"","overlay-opacity":"","overlay-gradient":""},"tablet":{"background-color":"var(--ast-global-color-5)","background-image":"","background-repeat":"repeat","background-position":"center center","background-size":"auto","background-attachment":"scroll","background-type":"","background-media":"","overlay-type":"","overlay-color":"","overlay-opacity":"","overlay-gradient":""},"mobile":{"background-color":"var(--ast-global-color-5)","background-image":"","background-repeat":"repeat","background-position":"center center","background-size":"auto","background-attachment":"scroll","background-type":"","background-media":"","overlay-type":"","overlay-color":"","overlay-opacity":"","overlay-gradient":""}},"footnotes":""},"class_list":["post-49192","page","type-page","status-publish","hentry"],"_links":{"self":[{"href":"https:\/\/bioresearchecuadorsa.com\/agroquimicos\/wp-json\/wp\/v2\/pages\/49192","targetHints":{"allow":["GET"]}}],"collection":[{"href":"https:\/\/bioresearchecuadorsa.com\/agroquimicos\/wp-json\/wp\/v2\/pages"}],"about":[{"href":"https:\/\/bioresearchecuadorsa.com\/agroquimicos\/wp-json\/wp\/v2\/types\/page"}],"author":[{"embeddable":true,"href":"https:\/\/bioresearchecuadorsa.com\/agroquimicos\/wp-json\/wp\/v2\/users\/1"}],"replies":[{"embeddable":true,"href":"https:\/\/bioresearchecuadorsa.com\/agroquimicos\/wp-json\/wp\/v2\/comments?post=49192"}],"version-history":[{"count":20,"href":"https:\/\/bioresearchecuadorsa.com\/agroquimicos\/wp-json\/wp\/v2\/pages\/49192\/revisions"}],"predecessor-version":[{"id":49795,"href":"https:\/\/bioresearchecuadorsa.com\/agroquimicos\/wp-json\/wp\/v2\/pages\/49192\/revisions\/49795"}],"wp:attachment":[{"href":"https:\/\/bioresearchecuadorsa.com\/agroquimicos\/wp-json\/wp\/v2\/media?parent=49192"}],"curies":[{"name":"wp","href":"https:\/\/api.w.org\/{rel}","templated":true}]}}